{"id":8092,"date":"2018-05-22T16:52:06","date_gmt":"2018-05-22T14:52:06","guid":{"rendered":"https:\/\/www.enovea.net\/?page_id=8092"},"modified":"2026-01-26T10:49:49","modified_gmt":"2026-01-26T09:49:49","slug":"mentions-legales","status":"publish","type":"page","link":"https:\/\/www.enovea.net\/mentions-legales\/","title":{"rendered":"Mentions l\u00e9gales"},"content":{"rendered":"\t\t<div data-elementor-type=\"wp-post\" data-elementor-id=\"8092\" class=\"elementor elementor-8092\">\n\t\t\t\t\t\t<div class=\"elementor-inner\">\n\t\t\t\t<div class=\"elementor-section-wrap\">\n\t\t\t\t\t\t\t\t\t<section class=\"elementor-section elementor-top-section elementor-element elementor-element-4006622 elementor-section-full_width elementor-section-height-min-height enovea-header elementor-section-height-default elementor-section-items-middle\" data-id=\"4006622\" data-element_type=\"section\" data-settings=\"{&quot;background_background&quot;:&quot;classic&quot;}\">\n\t\t\t\t\t\t\t<div class=\"elementor-background-overlay\"><\/div>\n\t\t\t\t\t\t\t<div class=\"elementor-container elementor-column-gap-default\">\n\t\t\t\t\t\t\t<div class=\"elementor-row\">\n\t\t\t\t\t<div class=\"elementor-column elementor-col-100 elementor-top-column elementor-element elementor-element-6b6eea6\" data-id=\"6b6eea6\" data-element_type=\"column\">\n\t\t\t<div class=\"elementor-column-wrap elementor-element-populated\">\n\t\t\t\t\t\t\t<div class=\"elementor-widget-wrap\">\n\t\t\t\t\t\t<section class=\"elementor-section elementor-inner-section elementor-element elementor-element-6b24028 elementor-section-boxed elementor-section-height-default elementor-section-height-default\" data-id=\"6b24028\" data-element_type=\"section\">\n\t\t\t\t\t\t<div class=\"elementor-container elementor-column-gap-default\">\n\t\t\t\t\t\t\t<div class=\"elementor-row\">\n\t\t\t\t\t<div class=\"elementor-column elementor-col-100 elementor-inner-column elementor-element elementor-element-91caaf2\" data-id=\"91caaf2\" data-element_type=\"column\">\n\t\t\t<div class=\"elementor-column-wrap elementor-element-populated\">\n\t\t\t\t\t\t\t<div class=\"elementor-widget-wrap\">\n\t\t\t\t\t\t<div class=\"elementor-element elementor-element-2f1a21a enovea-titre elementor-widget elementor-widget-heading\" data-id=\"2f1a21a\" data-element_type=\"widget\" data-widget_type=\"heading.default\">\n\t\t\t\t<div class=\"elementor-widget-container\">\n\t\t\t<h2 class=\"elementor-heading-title elementor-size-default\">Mentions l\u00e9gales<\/h2>\t\t<\/div>\n\t\t\t\t<\/div>\n\t\t\t\t\t\t<\/div>\n\t\t\t\t\t<\/div>\n\t\t<\/div>\n\t\t\t\t\t\t\t\t<\/div>\n\t\t\t\t\t<\/div>\n\t\t<\/section>\n\t\t\t\t\t\t<\/div>\n\t\t\t\t\t<\/div>\n\t\t<\/div>\n\t\t\t\t\t\t\t\t<\/div>\n\t\t\t\t\t<\/div>\n\t\t<\/section>\n\t\t\t\t<section class=\"elementor-section elementor-top-section elementor-element elementor-element-f5db0d0 elementor-section-boxed elementor-section-height-default elementor-section-height-default\" data-id=\"f5db0d0\" data-element_type=\"section\">\n\t\t\t\t\t\t<div class=\"elementor-container elementor-column-gap-default\">\n\t\t\t\t\t\t\t<div class=\"elementor-row\">\n\t\t\t\t\t<div class=\"elementor-column elementor-col-100 elementor-top-column elementor-element elementor-element-2745d8c\" data-id=\"2745d8c\" data-element_type=\"column\">\n\t\t\t<div class=\"elementor-column-wrap elementor-element-populated\">\n\t\t\t\t\t\t\t<div class=\"elementor-widget-wrap\">\n\t\t\t\t\t\t<div class=\"elementor-element elementor-element-c6a3fb6 elementor-widget elementor-widget-heading\" data-id=\"c6a3fb6\" data-element_type=\"widget\" data-widget_type=\"heading.default\">\n\t\t\t\t<div class=\"elementor-widget-container\">\n\t\t\t<h6 class=\"elementor-heading-title elementor-size-default\">INFORMATIONS - \u00c9DITEUR<\/h6>\t\t<\/div>\n\t\t\t\t<\/div>\n\t\t\t\t<div class=\"elementor-element elementor-element-17ccb7a elementor-widget-divider--view-line elementor-widget elementor-widget-divider\" data-id=\"17ccb7a\" data-element_type=\"widget\" data-widget_type=\"divider.default\">\n\t\t\t\t<div class=\"elementor-widget-container\">\n\t\t\t\t\t<div class=\"elementor-divider\">\n\t\t\t<span class=\"elementor-divider-separator\">\n\t\t\t\t\t\t<\/span>\n\t\t<\/div>\n\t\t\t\t<\/div>\n\t\t\t\t<\/div>\n\t\t\t\t<div class=\"elementor-element elementor-element-353b530 elementor-widget elementor-widget-text-editor\" data-id=\"353b530\" data-element_type=\"widget\" data-widget_type=\"text-editor.default\">\n\t\t\t\t<div class=\"elementor-widget-container\">\n\t\t\t\t\t\t\t\t<div class=\"elementor-text-editor elementor-clearfix\">\n\t\t\t\t<strong>Enovea &#8211; Si\u00e8ge Social<\/strong>\n<br\/>\n16, Rue Jacques Monod\n<br\/>\n76130 Mont-Saint Aignan\n<br\/>\nFRANCE\t\t\t\t\t<\/div>\n\t\t\t\t\t\t<\/div>\n\t\t\t\t<\/div>\n\t\t\t\t<div class=\"elementor-element elementor-element-42df018 elementor-widget elementor-widget-text-editor\" data-id=\"42df018\" data-element_type=\"widget\" data-widget_type=\"text-editor.default\">\n\t\t\t\t<div class=\"elementor-widget-container\">\n\t\t\t\t\t\t\t\t<div class=\"elementor-text-editor elementor-clearfix\">\n\t\t\t\t<p><strong>T\u00e9l.<\/strong> +33(0)6 74 08 50 31<\/p><p><strong>E-mail<\/strong> &#8211; info@enovea.net<\/p>\t\t\t\t\t<\/div>\n\t\t\t\t\t\t<\/div>\n\t\t\t\t<\/div>\n\t\t\t\t<div class=\"elementor-element elementor-element-56d5eb1 elementor-widget elementor-widget-text-editor\" data-id=\"56d5eb1\" data-element_type=\"widget\" data-widget_type=\"text-editor.default\">\n\t\t\t\t<div class=\"elementor-widget-container\">\n\t\t\t\t\t\t\t\t<div class=\"elementor-text-editor elementor-clearfix\">\n\t\t\t\t<strong>Siret<\/strong> &#8211; 49111498900040\n<br\/>\n<strong>RCS<\/strong> Rouen B 491 114 989\n<br\/>\nS.A.R.L au Capital Social de 200 062,00 \u20ac\n<br\/>\nN\u00b0 Individuel d&#8217;identification fiscale\n<br\/>&#8230;\n<br\/>\nN\u00b0 TVA intracommunautaire\n<br\/>&#8230;\t\t\t\t\t<\/div>\n\t\t\t\t\t\t<\/div>\n\t\t\t\t<\/div>\n\t\t\t\t<div class=\"elementor-element elementor-element-fd361c5 elementor-widget elementor-widget-text-editor\" data-id=\"fd361c5\" data-element_type=\"widget\" data-widget_type=\"text-editor.default\">\n\t\t\t\t<div class=\"elementor-widget-container\">\n\t\t\t\t\t\t\t\t<div class=\"elementor-text-editor elementor-clearfix\">\n\t\t\t\tPublication \/ Webdesign\n<BR\/>\nAur\u00e9lie Dassonville\t\t\t\t\t<\/div>\n\t\t\t\t\t\t<\/div>\n\t\t\t\t<\/div>\n\t\t\t\t<div class=\"elementor-element elementor-element-51e2986 elementor-widget elementor-widget-heading\" data-id=\"51e2986\" data-element_type=\"widget\" data-widget_type=\"heading.default\">\n\t\t\t\t<div class=\"elementor-widget-container\">\n\t\t\t<h6 class=\"elementor-heading-title elementor-size-default\">INFORMATIONS - H\u00c9BERGEUR<\/h6>\t\t<\/div>\n\t\t\t\t<\/div>\n\t\t\t\t<div class=\"elementor-element elementor-element-eca076d elementor-widget-divider--view-line elementor-widget elementor-widget-divider\" data-id=\"eca076d\" data-element_type=\"widget\" data-widget_type=\"divider.default\">\n\t\t\t\t<div class=\"elementor-widget-container\">\n\t\t\t\t\t<div class=\"elementor-divider\">\n\t\t\t<span class=\"elementor-divider-separator\">\n\t\t\t\t\t\t<\/span>\n\t\t<\/div>\n\t\t\t\t<\/div>\n\t\t\t\t<\/div>\n\t\t\t\t<div class=\"elementor-element elementor-element-1c8b059 elementor-widget elementor-widget-text-editor\" data-id=\"1c8b059\" data-element_type=\"widget\" data-widget_type=\"text-editor.default\">\n\t\t\t\t<div class=\"elementor-widget-container\">\n\t\t\t\t\t\t\t\t<div class=\"elementor-text-editor elementor-clearfix\">\n\t\t\t\t<strong>OVH SAS<\/strong>\n<br\/>\n2, Rue Kellermann\n<br\/>\n59100 Roubaix\n<br\/>\nFRANCE\t\t\t\t\t<\/div>\n\t\t\t\t\t\t<\/div>\n\t\t\t\t<\/div>\n\t\t\t\t<div class=\"elementor-element elementor-element-92a7b55 elementor-widget elementor-widget-text-editor\" data-id=\"92a7b55\" data-element_type=\"widget\" data-widget_type=\"text-editor.default\">\n\t\t\t\t<div class=\"elementor-widget-container\">\n\t\t\t\t\t\t\t\t<div class=\"elementor-text-editor elementor-clearfix\">\n\t\t\t\t<p><strong>T\u00e9l.<\/strong> +33 9 72 10 10 07<\/p>\t\t\t\t\t<\/div>\n\t\t\t\t\t\t<\/div>\n\t\t\t\t<\/div>\n\t\t\t\t\t\t<\/div>\n\t\t\t\t\t<\/div>\n\t\t<\/div>\n\t\t\t\t\t\t\t\t<\/div>\n\t\t\t\t\t<\/div>\n\t\t<\/section>\n\t\t\t\t\t\t\t\t\t<\/div>\n\t\t\t<\/div>\n\t\t\t\t\t<\/div>\n\t\t","protected":false},"excerpt":{"rendered":"<p>Mentions l\u00e9gales INFORMATIONS &#8211; \u00c9DITEUR Enovea &#8211; Si\u00e8ge Social 16, Rue Jacques Monod 76130 Mont-Saint Aignan FRANCE T\u00e9l. +33(0)6 74 08 50 31 E-mail &#8211; info@enovea.net Siret &#8211; 49111498900040 RCS Rouen B 491 114 989 S.A.R.L au Capital Social de 200 062,00 \u20ac N\u00b0 Individuel d&#8217;identification fiscale &#8230; N\u00b0 TVA intracommunautaire &#8230;Publication \/ Webdesign Aur\u00e9lie &hellip;<\/p>\n","protected":false},"author":1,"featured_media":0,"parent":0,"menu_order":0,"comment_status":"closed","ping_status":"closed","template":"","meta":[],"yoast_head":"<!-- This site is optimized with the Yoast SEO plugin v19.3 - https:\/\/yoast.com\/wordpress\/plugins\/seo\/ -->\n<title>Enovea - Mentions l\u00e9gales<\/title>\n<meta name=\"description\" content=\"Informations sur l&#039;\u00e9diteur et l&#039;h\u00e9bergeur du site internet phpmyadmin.cluster027.hosting.ovh.net.\" \/>\n<meta name=\"robots\" content=\"index, follow, max-snippet:-1, max-image-preview:large, max-video-preview:-1\" \/>\n<link rel=\"canonical\" href=\"https:\/\/www.enovea.net\/mentions-legales\/\" \/>\n<meta property=\"og:locale\" content=\"en_US\" \/>\n<meta property=\"og:type\" content=\"article\" \/>\n<meta property=\"og:title\" content=\"Enovea - Mentions l\u00e9gales\" \/>\n<meta property=\"og:description\" content=\"Informations sur l&#039;\u00e9diteur et l&#039;h\u00e9bergeur du site internet phpmyadmin.cluster027.hosting.ovh.net.\" \/>\n<meta property=\"og:url\" content=\"https:\/\/www.enovea.net\/mentions-legales\/\" \/>\n<meta property=\"og:site_name\" content=\"ENOVEA\" \/>\n<meta property=\"article:publisher\" content=\"https:\/\/www.facebook.com\/Enovea-1088685791204309\/\" \/>\n<meta property=\"article:modified_time\" content=\"2026-01-26T09:49:49+00:00\" \/>\n<meta name=\"twitter:card\" content=\"summary_large_image\" \/>\n<meta name=\"twitter:site\" content=\"@SocieteEnovea\" \/>\n<meta name=\"twitter:label1\" content=\"Est. reading time\" \/>\n\t<meta name=\"twitter:data1\" content=\"1 minute\" \/>\n<script type=\"application\/ld+json\" class=\"yoast-schema-graph\">{\"@context\":\"https:\/\/schema.org\",\"@graph\":[{\"@type\":\"WebSite\",\"@id\":\"https:\/\/www.enovea.net\/#website\",\"url\":\"https:\/\/www.enovea.net\/\",\"name\":\"ENOVEA\",\"description\":\"Le d\u00e9veloppement sur-mesure\",\"potentialAction\":[{\"@type\":\"SearchAction\",\"target\":{\"@type\":\"EntryPoint\",\"urlTemplate\":\"https:\/\/www.enovea.net\/?s={search_term_string}\"},\"query-input\":\"required name=search_term_string\"}],\"inLanguage\":\"en-US\"},{\"@type\":\"WebPage\",\"@id\":\"https:\/\/www.enovea.net\/mentions-legales\/\",\"url\":\"https:\/\/www.enovea.net\/mentions-legales\/\",\"name\":\"Enovea - Mentions l\u00e9gales\",\"isPartOf\":{\"@id\":\"https:\/\/www.enovea.net\/#website\"},\"datePublished\":\"2018-05-22T14:52:06+00:00\",\"dateModified\":\"2026-01-26T09:49:49+00:00\",\"description\":\"Informations sur l'\u00e9diteur et l'h\u00e9bergeur du site internet phpmyadmin.cluster027.hosting.ovh.net.\",\"breadcrumb\":{\"@id\":\"https:\/\/www.enovea.net\/mentions-legales\/#breadcrumb\"},\"inLanguage\":\"en-US\",\"potentialAction\":[{\"@type\":\"ReadAction\",\"target\":[\"https:\/\/www.enovea.net\/mentions-legales\/\"]}]},{\"@type\":\"BreadcrumbList\",\"@id\":\"https:\/\/www.enovea.net\/mentions-legales\/#breadcrumb\",\"itemListElement\":[{\"@type\":\"ListItem\",\"position\":1,\"name\":\"Mentions l\u00e9gales\"}]}]}<\/script>\n<!-- \/ Yoast SEO plugin. -->","yoast_head_json":{"title":"Enovea - Mentions l\u00e9gales","description":"Informations sur l'\u00e9diteur et l'h\u00e9bergeur du site internet phpmyadmin.cluster027.hosting.ovh.net.","robots":{"index":"index","follow":"follow","max-snippet":"max-snippet:-1","max-image-preview":"max-image-preview:large","max-video-preview":"max-video-preview:-1"},"canonical":"https:\/\/www.enovea.net\/mentions-legales\/","og_locale":"en_US","og_type":"article","og_title":"Enovea - Mentions l\u00e9gales","og_description":"Informations sur l'\u00e9diteur et l'h\u00e9bergeur du site internet phpmyadmin.cluster027.hosting.ovh.net.","og_url":"https:\/\/www.enovea.net\/mentions-legales\/","og_site_name":"ENOVEA","article_publisher":"https:\/\/www.facebook.com\/Enovea-1088685791204309\/","article_modified_time":"2026-01-26T09:49:49+00:00","twitter_card":"summary_large_image","twitter_site":"@SocieteEnovea","twitter_misc":{"Est. reading time":"1 minute"},"schema":{"@context":"https:\/\/schema.org","@graph":[{"@type":"WebSite","@id":"https:\/\/www.enovea.net\/#website","url":"https:\/\/www.enovea.net\/","name":"ENOVEA","description":"Le d\u00e9veloppement sur-mesure","potentialAction":[{"@type":"SearchAction","target":{"@type":"EntryPoint","urlTemplate":"https:\/\/www.enovea.net\/?s={search_term_string}"},"query-input":"required name=search_term_string"}],"inLanguage":"en-US"},{"@type":"WebPage","@id":"https:\/\/www.enovea.net\/mentions-legales\/","url":"https:\/\/www.enovea.net\/mentions-legales\/","name":"Enovea - Mentions l\u00e9gales","isPartOf":{"@id":"https:\/\/www.enovea.net\/#website"},"datePublished":"2018-05-22T14:52:06+00:00","dateModified":"2026-01-26T09:49:49+00:00","description":"Informations sur l'\u00e9diteur et l'h\u00e9bergeur du site internet phpmyadmin.cluster027.hosting.ovh.net.","breadcrumb":{"@id":"https:\/\/www.enovea.net\/mentions-legales\/#breadcrumb"},"inLanguage":"en-US","potentialAction":[{"@type":"ReadAction","target":["https:\/\/www.enovea.net\/mentions-legales\/"]}]},{"@type":"BreadcrumbList","@id":"https:\/\/www.enovea.net\/mentions-legales\/#breadcrumb","itemListElement":[{"@type":"ListItem","position":1,"name":"Mentions l\u00e9gales"}]}]}},"_links":{"self":[{"href":"https:\/\/www.enovea.net\/wp-json\/wp\/v2\/pages\/8092"}],"collection":[{"href":"https:\/\/www.enovea.net\/wp-json\/wp\/v2\/pages"}],"about":[{"href":"https:\/\/www.enovea.net\/wp-json\/wp\/v2\/types\/page"}],"author":[{"embeddable":true,"href":"https:\/\/www.enovea.net\/wp-json\/wp\/v2\/users\/1"}],"replies":[{"embeddable":true,"href":"https:\/\/www.enovea.net\/wp-json\/wp\/v2\/comments?post=8092"}],"version-history":[{"count":30,"href":"https:\/\/www.enovea.net\/wp-json\/wp\/v2\/pages\/8092\/revisions"}],"predecessor-version":[{"id":73994,"href":"https:\/\/www.enovea.net\/wp-json\/wp\/v2\/pages\/8092\/revisions\/73994"}],"wp:attachment":[{"href":"https:\/\/www.enovea.net\/wp-json\/wp\/v2\/media?parent=8092"}],"curies":[{"name":"wp","href":"https:\/\/api.w.org\/{rel}","templated":true}]}}