{"id":9228,"date":"2023-03-01T11:11:11","date_gmt":"2023-03-01T10:11:11","guid":{"rendered":"https:\/\/www.enovea.net\/?page_id=9228"},"modified":"2023-03-08T19:37:25","modified_gmt":"2023-03-08T18:37:25","slug":"recrutement","status":"publish","type":"page","link":"https:\/\/www.enovea.net\/recrutement\/","title":{"rendered":"Recrutement"},"content":{"rendered":"\t\t<div data-elementor-type=\"wp-page\" data-elementor-id=\"9228\" class=\"elementor elementor-9228\">\n\t\t\t\t\t\t<div class=\"elementor-inner\">\n\t\t\t\t<div class=\"elementor-section-wrap\">\n\t\t\t\t\t\t\t\t\t<section class=\"elementor-section elementor-top-section elementor-element elementor-element-0797457 elementor-section-full_width elementor-section-height-min-height enovea-header elementor-section-height-default elementor-section-items-middle\" data-id=\"0797457\" data-element_type=\"section\" data-settings=\"{&quot;background_background&quot;:&quot;classic&quot;}\">\n\t\t\t\t\t\t\t<div class=\"elementor-background-overlay\"><\/div>\n\t\t\t\t\t\t\t<div class=\"elementor-container elementor-column-gap-default\">\n\t\t\t\t\t\t\t<div class=\"elementor-row\">\n\t\t\t\t\t<div class=\"elementor-column elementor-col-100 elementor-top-column elementor-element elementor-element-261e819\" data-id=\"261e819\" data-element_type=\"column\">\n\t\t\t<div class=\"elementor-column-wrap elementor-element-populated\">\n\t\t\t\t\t\t\t<div class=\"elementor-widget-wrap\">\n\t\t\t\t\t\t<section class=\"elementor-section elementor-inner-section elementor-element elementor-element-69d51ef elementor-section-boxed elementor-section-height-default elementor-section-height-default\" data-id=\"69d51ef\" data-element_type=\"section\">\n\t\t\t\t\t\t<div class=\"elementor-container elementor-column-gap-default\">\n\t\t\t\t\t\t\t<div class=\"elementor-row\">\n\t\t\t\t\t<div class=\"elementor-column elementor-col-100 elementor-inner-column elementor-element elementor-element-fa40b44\" data-id=\"fa40b44\" data-element_type=\"column\">\n\t\t\t<div class=\"elementor-column-wrap elementor-element-populated\">\n\t\t\t\t\t\t\t<div class=\"elementor-widget-wrap\">\n\t\t\t\t\t\t<div class=\"elementor-element elementor-element-acadee1 enovea-titre elementor-widget elementor-widget-heading\" data-id=\"acadee1\" data-element_type=\"widget\" data-widget_type=\"heading.default\">\n\t\t\t\t<div class=\"elementor-widget-container\">\n\t\t\t<h2 class=\"elementor-heading-title elementor-size-default\">Rejoignez notre \u00e9quipe !<\/h2>\t\t<\/div>\n\t\t\t\t<\/div>\n\t\t\t\t<div class=\"elementor-element elementor-element-948df1d elementor-widget elementor-widget-text-editor\" data-id=\"948df1d\" data-element_type=\"widget\" data-widget_type=\"text-editor.default\">\n\t\t\t\t<div class=\"elementor-widget-container\">\n\t\t\t\t\t\t\t\t<div class=\"elementor-text-editor elementor-clearfix\">\n\t\t\t\t<p>Retrouvez sur cette page la liste de nos postes actuellement disponibles, qu&#8217;il s&#8217;agisse d&#8217;un stage, d&#8217;une alternance, ou d&#8217;un CDI.<br>N&#8217;h\u00e9sitez \u00e9galement pas \u00e0 nous faire part d&#8217;une candidature spontan\u00e9e.<\/p>\t\t\t\t\t<\/div>\n\t\t\t\t\t\t<\/div>\n\t\t\t\t<\/div>\n\t\t\t\t<div class=\"elementor-element elementor-element-524772f elementor-align-left button elementor-widget elementor-widget-button\" data-id=\"524772f\" data-element_type=\"widget\" data-widget_type=\"button.default\">\n\t\t\t\t<div class=\"elementor-widget-container\">\n\t\t\t\t\t<div class=\"elementor-button-wrapper\">\n\t\t\t<a href=\"https:\/\/www.enovea.net\/faire-une-candidature-spontanee\/\" target=\"_blank\" class=\"elementor-button-link elementor-button elementor-size-sm\" role=\"button\">\n\t\t\t\t\t\t<span class=\"elementor-button-content-wrapper\">\n\t\t\t\t\t\t<span class=\"elementor-button-text\">Envoyer une candidature spontan\u00e9e<\/span>\n\t\t<\/span>\n\t\t\t\t\t<\/a>\n\t\t<\/div>\n\t\t\t\t<\/div>\n\t\t\t\t<\/div>\n\t\t\t\t\t\t<\/div>\n\t\t\t\t\t<\/div>\n\t\t<\/div>\n\t\t\t\t\t\t\t\t<\/div>\n\t\t\t\t\t<\/div>\n\t\t<\/section>\n\t\t\t\t\t\t<\/div>\n\t\t\t\t\t<\/div>\n\t\t<\/div>\n\t\t\t\t\t\t\t\t<\/div>\n\t\t\t\t\t<\/div>\n\t\t<\/section>\n\t\t\t\t<section class=\"elementor-section elementor-top-section elementor-element elementor-element-3a64740 elementor-section-boxed elementor-section-height-default elementor-section-height-default\" data-id=\"3a64740\" data-element_type=\"section\">\n\t\t\t\t\t\t<div class=\"elementor-container elementor-column-gap-default\">\n\t\t\t\t\t\t\t<div class=\"elementor-row\">\n\t\t\t\t\t<div class=\"elementor-column elementor-col-100 elementor-top-column elementor-element elementor-element-9e4ad06\" data-id=\"9e4ad06\" data-element_type=\"column\">\n\t\t\t<div class=\"elementor-column-wrap elementor-element-populated\">\n\t\t\t\t\t\t\t<div class=\"elementor-widget-wrap\">\n\t\t\t\t\t\t<div class=\"elementor-element elementor-element-24a6145 elementor-widget elementor-widget-wp-widget-widget-enovea-recrutement-posts\" data-id=\"24a6145\" data-element_type=\"widget\" data-widget_type=\"wp-widget-widget-enovea-recrutement-posts.default\">\n\t\t\t\t<div class=\"elementor-widget-container\">\n\t\t\t<div class=\"enovea-recrutement-posts__holder row\" ><div class=\"enovea-recrutement-posts__item post col-xs-12 col-sm-6 col-md-6 col-lg-3 col-xl-3\">\n    <div class=\"post-block\" style=\"background-image: url(https:\/\/www.enovea.net\/wp-content\/uploads\/2019\/04\/enovea-big-data-software-solutions-innovation-edition-maintenance-developpement-sur-mesure-paris-rouen-londres-418x315.jpg)\">\n        <div class=\"post-title-content\">\n            <a class=\"post-link\" href=\"https:\/\/www.enovea.net\/recrutements\/developpeur-full-stack-confirme-h-f\/\"><\/a>\n            <div class=\"post-title\">D\u00e9veloppeur Full Stack Confirm\u00e9 H\/F<\/div>\n            <div class=\"post-more\">\n                <div class=\"post-more-content\">\n                    <span class=\"plus\">+<\/span>\n                    <span class=\"more\">En savoir plus<\/span>\n                <\/div>\n            <\/div>\n        <\/div>\n    <\/div>\n<\/div>\n<div class=\"enovea-recrutement-posts__item post col-xs-12 col-sm-6 col-md-6 col-lg-3 col-xl-3\">\n    <div class=\"post-block\" style=\"background-image: url(https:\/\/www.enovea.net\/wp-content\/uploads\/2019\/04\/enovea-big-data-software-solutions-innovation-edition-maintenance-developpement-sur-mesure-paris-rouen-londres-418x315.jpg)\">\n        <div class=\"post-title-content\">\n            <a class=\"post-link\" href=\"https:\/\/www.enovea.net\/recrutements\/consultant-technico-fonctionnel-odoo-h-f\/\"><\/a>\n            <div class=\"post-title\">Consultant Technico-Fonctionnel Odoo H\/F<\/div>\n            <div class=\"post-more\">\n                <div class=\"post-more-content\">\n                    <span class=\"plus\">+<\/span>\n                    <span class=\"more\">En savoir plus<\/span>\n                <\/div>\n            <\/div>\n        <\/div>\n    <\/div>\n<\/div>\n<div class=\"enovea-recrutement-posts__item post col-xs-12 col-sm-6 col-md-6 col-lg-3 col-xl-3\">\n    <div class=\"post-block\" style=\"background-image: url(https:\/\/www.enovea.net\/wp-content\/uploads\/2019\/04\/enovea-big-data-software-solutions-innovation-edition-maintenance-developpement-sur-mesure-paris-rouen-londres-418x315.jpg)\">\n        <div class=\"post-title-content\">\n            <a class=\"post-link\" href=\"https:\/\/www.enovea.net\/recrutements\/consultant-fonctionnel-confirme-h-f\/\"><\/a>\n            <div class=\"post-title\">Consultant fonctionnel confirm\u00e9 (H\/F)<\/div>\n            <div class=\"post-more\">\n                <div class=\"post-more-content\">\n                    <span class=\"plus\">+<\/span>\n                    <span class=\"more\">En savoir plus<\/span>\n                <\/div>\n            <\/div>\n        <\/div>\n    <\/div>\n<\/div>\n<div class=\"enovea-recrutement-posts__item post col-xs-12 col-sm-6 col-md-6 col-lg-3 col-xl-3\">\n    <div class=\"post-block\" style=\"background-image: url(https:\/\/www.enovea.net\/wp-content\/uploads\/2019\/04\/enovea-big-data-software-solutions-innovation-edition-maintenance-developpement-sur-mesure-paris-rouen-londres-418x315.jpg)\">\n        <div class=\"post-title-content\">\n            <a class=\"post-link\" href=\"https:\/\/www.enovea.net\/recrutements\/chef-de-projet-h-f\/\"><\/a>\n            <div class=\"post-title\">Chef de projet (H\/F)<\/div>\n            <div class=\"post-more\">\n                <div class=\"post-more-content\">\n                    <span class=\"plus\">+<\/span>\n                    <span class=\"more\">En savoir plus<\/span>\n                <\/div>\n            <\/div>\n        <\/div>\n    <\/div>\n<\/div>\n<div class=\"enovea-recrutement-posts__item post col-xs-12 col-sm-6 col-md-6 col-lg-3 col-xl-3\">\n    <div class=\"post-block\" style=\"background-image: url(https:\/\/www.enovea.net\/wp-content\/uploads\/2019\/04\/enovea-big-data-software-solutions-innovation-edition-maintenance-developpement-sur-mesure-paris-rouen-londres-418x315.jpg)\">\n        <div class=\"post-title-content\">\n            <a class=\"post-link\" href=\"https:\/\/www.enovea.net\/recrutements\/developpeur-java-h-f\/\"><\/a>\n            <div class=\"post-title\">D\u00e9veloppeur Java (H\/F)<\/div>\n            <div class=\"post-more\">\n                <div class=\"post-more-content\">\n                    <span class=\"plus\">+<\/span>\n                    <span class=\"more\">En savoir plus<\/span>\n                <\/div>\n            <\/div>\n        <\/div>\n    <\/div>\n<\/div>\n<div class=\"enovea-recrutement-posts__item post col-xs-12 col-sm-6 col-md-6 col-lg-3 col-xl-3\">\n    <div class=\"post-block\" style=\"background-image: url(https:\/\/www.enovea.net\/wp-content\/uploads\/2019\/04\/enovea-big-data-software-solutions-innovation-edition-maintenance-developpement-sur-mesure-paris-rouen-londres-418x315.jpg)\">\n        <div class=\"post-title-content\">\n            <a class=\"post-link\" href=\"https:\/\/www.enovea.net\/recrutements\/developpeur-net-h-f\/\"><\/a>\n            <div class=\"post-title\">D\u00e9veloppeur .Net (H\/F)<\/div>\n            <div class=\"post-more\">\n                <div class=\"post-more-content\">\n                    <span class=\"plus\">+<\/span>\n                    <span class=\"more\">En savoir plus<\/span>\n                <\/div>\n            <\/div>\n        <\/div>\n    <\/div>\n<\/div>\n<\/div>\t\t<\/div>\n\t\t\t\t<\/div>\n\t\t\t\t<div class=\"elementor-element elementor-element-da7ceff elementor-widget elementor-widget-image\" data-id=\"da7ceff\" data-element_type=\"widget\" data-widget_type=\"image.default\">\n\t\t\t\t<div class=\"elementor-widget-container\">\n\t\t\t\t\t\t\t\t<div class=\"elementor-image\">\n\t\t\t\t\t\t\t\t\t\t\t\t<img width=\"768\" height=\"300\" src=\"https:\/\/www.enovea.net\/wp-content\/uploads\/2022\/08\/undraw_Profile_re_4a55-1-768x300.png\" class=\"attachment-medium_large size-medium_large\" alt=\"Enovea recrute\" loading=\"lazy\" srcset=\"https:\/\/www.enovea.net\/wp-content\/uploads\/2022\/08\/undraw_Profile_re_4a55-1-768x300.png 768w, https:\/\/www.enovea.net\/wp-content\/uploads\/2022\/08\/undraw_Profile_re_4a55-1-300x117.png 300w, https:\/\/www.enovea.net\/wp-content\/uploads\/2022\/08\/undraw_Profile_re_4a55-1-1024x401.png 1024w, https:\/\/www.enovea.net\/wp-content\/uploads\/2022\/08\/undraw_Profile_re_4a55-1.png 1301w\" sizes=\"(max-width: 768px) 100vw, 768px\" \/>\t\t\t\t\t\t\t\t\t\t\t\t\t\t<\/div>\n\t\t\t\t\t\t<\/div>\n\t\t\t\t<\/div>\n\t\t\t\t\t\t<\/div>\n\t\t\t\t\t<\/div>\n\t\t<\/div>\n\t\t\t\t\t\t\t\t<\/div>\n\t\t\t\t\t<\/div>\n\t\t<\/section>\n\t\t\t\t\t\t\t\t\t<\/div>\n\t\t\t<\/div>\n\t\t\t\t\t<\/div>\n\t\t","protected":false},"excerpt":{"rendered":"<p>Rejoignez notre \u00e9quipe ! Retrouvez sur cette page la liste de nos postes actuellement disponibles, qu&#8217;il s&#8217;agisse d&#8217;un stage, d&#8217;une alternance, ou d&#8217;un CDI.N&#8217;h\u00e9sitez \u00e9galement pas \u00e0 nous faire part d&#8217;une candidature spontan\u00e9e. Envoyer une candidature spontan\u00e9e<\/p>\n","protected":false},"author":1,"featured_media":0,"parent":0,"menu_order":0,"comment_status":"closed","ping_status":"closed","template":"","meta":[],"yoast_head":"<!-- This site is optimized with the Yoast SEO plugin v19.3 - https:\/\/yoast.com\/wordpress\/plugins\/seo\/ -->\n<title>Recrutement<\/title>\n<meta name=\"description\" content=\"Rejoignez notre \u00e9quipe ! Retrouvez sur cette page la liste de nos postes actuellement disponibles, qu&#039;il s&#039;agisse d&#039;un stage, d&#039;une alternance, ou d&#039;un CDI.N&#039;h\u00e9sitez \u00e9galement pas \u00e0 nous faire part d&#039;une candidature spontan\u00e9e. Envoyer une candidature spontan\u00e9e\" \/>\n<meta name=\"robots\" content=\"index, follow, max-snippet:-1, max-image-preview:large, max-video-preview:-1\" \/>\n<link rel=\"canonical\" href=\"https:\/\/www.enovea.net\/recrutement\/\" \/>\n<meta property=\"og:locale\" content=\"en_US\" \/>\n<meta property=\"og:type\" content=\"article\" \/>\n<meta property=\"og:title\" content=\"Recrutement\" \/>\n<meta property=\"og:description\" content=\"Rejoignez notre \u00e9quipe ! Retrouvez sur cette page la liste de nos postes actuellement disponibles, qu&#039;il s&#039;agisse d&#039;un stage, d&#039;une alternance, ou d&#039;un CDI.N&#039;h\u00e9sitez \u00e9galement pas \u00e0 nous faire part d&#039;une candidature spontan\u00e9e. Envoyer une candidature spontan\u00e9e\" \/>\n<meta property=\"og:url\" content=\"https:\/\/www.enovea.net\/recrutement\/\" \/>\n<meta property=\"og:site_name\" content=\"ENOVEA\" \/>\n<meta property=\"article:publisher\" content=\"https:\/\/www.facebook.com\/Enovea-1088685791204309\/\" \/>\n<meta property=\"article:modified_time\" content=\"2023-03-08T18:37:25+00:00\" \/>\n<meta property=\"og:image\" content=\"https:\/\/www.enovea.net\/wp-content\/uploads\/2022\/08\/undraw_Profile_re_4a55-1-768x300.png\" \/>\n<meta name=\"twitter:card\" content=\"summary_large_image\" \/>\n<meta name=\"twitter:site\" content=\"@SocieteEnovea\" \/>\n<meta name=\"twitter:label1\" content=\"Est. reading time\" \/>\n\t<meta name=\"twitter:data1\" content=\"1 minute\" \/>\n<script type=\"application\/ld+json\" class=\"yoast-schema-graph\">{\"@context\":\"https:\/\/schema.org\",\"@graph\":[{\"@type\":\"WebSite\",\"@id\":\"https:\/\/www.enovea.net\/#website\",\"url\":\"https:\/\/www.enovea.net\/\",\"name\":\"ENOVEA\",\"description\":\"Le d\u00e9veloppement sur-mesure\",\"potentialAction\":[{\"@type\":\"SearchAction\",\"target\":{\"@type\":\"EntryPoint\",\"urlTemplate\":\"https:\/\/www.enovea.net\/?s={search_term_string}\"},\"query-input\":\"required name=search_term_string\"}],\"inLanguage\":\"en-US\"},{\"@type\":\"ImageObject\",\"inLanguage\":\"en-US\",\"@id\":\"https:\/\/www.enovea.net\/recrutement\/#primaryimage\",\"url\":\"https:\/\/www.enovea.net\/wp-content\/uploads\/2022\/08\/undraw_Profile_re_4a55-1.png\",\"contentUrl\":\"https:\/\/www.enovea.net\/wp-content\/uploads\/2022\/08\/undraw_Profile_re_4a55-1.png\",\"width\":1301,\"height\":509,\"caption\":\"Enovea recrute\"},{\"@type\":\"WebPage\",\"@id\":\"https:\/\/www.enovea.net\/recrutement\/\",\"url\":\"https:\/\/www.enovea.net\/recrutement\/\",\"name\":\"Recrutement &bull; ENOVEA\",\"isPartOf\":{\"@id\":\"https:\/\/www.enovea.net\/#website\"},\"primaryImageOfPage\":{\"@id\":\"https:\/\/www.enovea.net\/recrutement\/#primaryimage\"},\"datePublished\":\"2023-03-01T10:11:11+00:00\",\"dateModified\":\"2023-03-08T18:37:25+00:00\",\"breadcrumb\":{\"@id\":\"https:\/\/www.enovea.net\/recrutement\/#breadcrumb\"},\"inLanguage\":\"en-US\",\"potentialAction\":[{\"@type\":\"ReadAction\",\"target\":[\"https:\/\/www.enovea.net\/recrutement\/\"]}]},{\"@type\":\"BreadcrumbList\",\"@id\":\"https:\/\/www.enovea.net\/recrutement\/#breadcrumb\",\"itemListElement\":[{\"@type\":\"ListItem\",\"position\":1,\"name\":\"Recrutement\"}]}]}<\/script>\n<!-- \/ Yoast SEO plugin. -->","yoast_head_json":{"title":"Recrutement","description":"Rejoignez notre \u00e9quipe ! Retrouvez sur cette page la liste de nos postes actuellement disponibles, qu'il s'agisse d'un stage, d'une alternance, ou d'un CDI.N'h\u00e9sitez \u00e9galement pas \u00e0 nous faire part d'une candidature spontan\u00e9e. Envoyer une candidature spontan\u00e9e","robots":{"index":"index","follow":"follow","max-snippet":"max-snippet:-1","max-image-preview":"max-image-preview:large","max-video-preview":"max-video-preview:-1"},"canonical":"https:\/\/www.enovea.net\/recrutement\/","og_locale":"en_US","og_type":"article","og_title":"Recrutement","og_description":"Rejoignez notre \u00e9quipe ! Retrouvez sur cette page la liste de nos postes actuellement disponibles, qu'il s'agisse d'un stage, d'une alternance, ou d'un CDI.N'h\u00e9sitez \u00e9galement pas \u00e0 nous faire part d'une candidature spontan\u00e9e. Envoyer une candidature spontan\u00e9e","og_url":"https:\/\/www.enovea.net\/recrutement\/","og_site_name":"ENOVEA","article_publisher":"https:\/\/www.facebook.com\/Enovea-1088685791204309\/","article_modified_time":"2023-03-08T18:37:25+00:00","og_image":[{"url":"https:\/\/www.enovea.net\/wp-content\/uploads\/2022\/08\/undraw_Profile_re_4a55-1-768x300.png"}],"twitter_card":"summary_large_image","twitter_site":"@SocieteEnovea","twitter_misc":{"Est. reading time":"1 minute"},"schema":{"@context":"https:\/\/schema.org","@graph":[{"@type":"WebSite","@id":"https:\/\/www.enovea.net\/#website","url":"https:\/\/www.enovea.net\/","name":"ENOVEA","description":"Le d\u00e9veloppement sur-mesure","potentialAction":[{"@type":"SearchAction","target":{"@type":"EntryPoint","urlTemplate":"https:\/\/www.enovea.net\/?s={search_term_string}"},"query-input":"required name=search_term_string"}],"inLanguage":"en-US"},{"@type":"ImageObject","inLanguage":"en-US","@id":"https:\/\/www.enovea.net\/recrutement\/#primaryimage","url":"https:\/\/www.enovea.net\/wp-content\/uploads\/2022\/08\/undraw_Profile_re_4a55-1.png","contentUrl":"https:\/\/www.enovea.net\/wp-content\/uploads\/2022\/08\/undraw_Profile_re_4a55-1.png","width":1301,"height":509,"caption":"Enovea recrute"},{"@type":"WebPage","@id":"https:\/\/www.enovea.net\/recrutement\/","url":"https:\/\/www.enovea.net\/recrutement\/","name":"Recrutement &bull; ENOVEA","isPartOf":{"@id":"https:\/\/www.enovea.net\/#website"},"primaryImageOfPage":{"@id":"https:\/\/www.enovea.net\/recrutement\/#primaryimage"},"datePublished":"2023-03-01T10:11:11+00:00","dateModified":"2023-03-08T18:37:25+00:00","breadcrumb":{"@id":"https:\/\/www.enovea.net\/recrutement\/#breadcrumb"},"inLanguage":"en-US","potentialAction":[{"@type":"ReadAction","target":["https:\/\/www.enovea.net\/recrutement\/"]}]},{"@type":"BreadcrumbList","@id":"https:\/\/www.enovea.net\/recrutement\/#breadcrumb","itemListElement":[{"@type":"ListItem","position":1,"name":"Recrutement"}]}]}},"_links":{"self":[{"href":"https:\/\/www.enovea.net\/wp-json\/wp\/v2\/pages\/9228"}],"collection":[{"href":"https:\/\/www.enovea.net\/wp-json\/wp\/v2\/pages"}],"about":[{"href":"https:\/\/www.enovea.net\/wp-json\/wp\/v2\/types\/page"}],"author":[{"embeddable":true,"href":"https:\/\/www.enovea.net\/wp-json\/wp\/v2\/users\/1"}],"replies":[{"embeddable":true,"href":"https:\/\/www.enovea.net\/wp-json\/wp\/v2\/comments?post=9228"}],"version-history":[{"count":35,"href":"https:\/\/www.enovea.net\/wp-json\/wp\/v2\/pages\/9228\/revisions"}],"predecessor-version":[{"id":9423,"href":"https:\/\/www.enovea.net\/wp-json\/wp\/v2\/pages\/9228\/revisions\/9423"}],"wp:attachment":[{"href":"https:\/\/www.enovea.net\/wp-json\/wp\/v2\/media?parent=9228"}],"curies":[{"name":"wp","href":"https:\/\/api.w.org\/{rel}","templated":true}]}}